{"id":83,"date":"2025-09-01T22:30:05","date_gmt":"2025-09-01T20:30:05","guid":{"rendered":"https:\/\/aicosports.com\/lp\/?page_id=83"},"modified":"2025-09-01T22:31:10","modified_gmt":"2025-09-01T20:31:10","slug":"gizlilik-politikasi","status":"publish","type":"page","link":"https:\/\/aicosports.com\/lp\/gizlilik-politikasi\/","title":{"rendered":"Gizlilik Politikas\u0131"},"content":{"rendered":"<p data-start=\"256\" data-end=\"1137\"><strong data-start=\"256\" data-end=\"275\">AICOSPORTS A.\u015e.<\/strong>\u00a0ve ba\u011fl\u0131 ortakl\u0131klar\u0131 ve i\u015ftirakleri (topluca \u201cAICOSPORTS\u201d, \u201cbiz\u201d, \u201cbize\u201d, \u201cbizim\u201d) gizlili\u011finize sayg\u0131 duyar ve g\u00fcveninize de\u011fer verir. Bu Gizlilik Politikas\u0131, bu web sitesini (<strong data-start=\"454\" data-end=\"472\">aicosports.com<\/strong>) (\u201cSite\u201d) kulland\u0131\u011f\u0131n\u0131zda, bizimle \u00e7evrimi\u00e7i (Site arac\u0131l\u0131\u011f\u0131yla dahil) veya ba\u015fka yollarla (\u00e7evrimd\u0131\u015f\u0131 ve\/veya telefonla) al\u0131\u015fveri\u015f yapt\u0131\u011f\u0131n\u0131zda, bizim organize etti\u011fimiz veya tan\u0131tt\u0131\u011f\u0131m\u0131z herhangi bir etkinli\u011fe kat\u0131ld\u0131\u011f\u0131n\u0131zda ya da sosyal medya, do\u011frudan pazarlama, \u00e7ekili\u015fler, anketler ve\/veya odak gruplar\u0131 arac\u0131l\u0131\u011f\u0131yla bizimle ileti\u015fime ge\u00e7ti\u011finizde (topluca \u201cHizmetler\u201d), sizden hangi t\u00fcrde veri veya bilgi toplayabilece\u011fimizi (ki buna ki\u015fisel verileriniz de dahil olabilir), bu bilgileri nas\u0131l toplad\u0131\u011f\u0131m\u0131z\u0131, if\u015fa etti\u011fimizi ve g\u00fcvenli\u011fini nas\u0131l sa\u011flad\u0131\u011f\u0131m\u0131z\u0131 ve ki\u015fisel verilerinize ili\u015fkin silme, kullan\u0131m, eri\u015fim, d\u00fczeltme ve payla\u015f\u0131m haklar\u0131n\u0131z\u0131 a\u00e7\u0131klar.<\/p>\n<p data-start=\"1139\" data-end=\"1328\">L\u00fctfen bu Gizlilik Politikas\u0131n\u0131 dikkatlice okuyun. Hizmetleri kullanarak, bu politikada belirtilen \u015fartlar\u0131 kabul etmi\u015f olursunuz. Bu \u015fartlar\u0131 kabul etmiyorsan\u0131z Hizmetleri kullanamazs\u0131n\u0131z.<\/p>\n<hr data-start=\"1330\" data-end=\"1333\" \/>\n<h2 data-start=\"1335\" data-end=\"1352\"><strong data-start=\"1338\" data-end=\"1352\">Biz Kimiz?<\/strong><\/h2>\n<p data-start=\"1354\" data-end=\"1676\"><strong data-start=\"1354\" data-end=\"1368\">AICOSPORTS<\/strong>, spor ve e\u011flence dan\u0131\u015fmanl\u0131k firmas\u0131 olup ayn\u0131 zamanda konuk a\u011f\u0131rlama\/premium spor ve e\u011flence deneyimleri sa\u011flay\u0131c\u0131s\u0131d\u0131r. Bu Gizlilik Politikas\u0131 kapsam\u0131nda veri sorumlusu\u00a0<strong data-start=\"1540\" data-end=\"1559\">AICOSPORTS A.\u015e.<\/strong>\u2019dir. Yasal haklar\u0131n\u0131z\u0131 kullanmak veya herhangi bir sorunuz i\u00e7in l\u00fctfen a\u015fa\u011f\u0131daki ileti\u015fim bilgilerinden bize ula\u015f\u0131n:<\/p>\n<p data-start=\"1678\" data-end=\"1765\"><strong data-start=\"1678\" data-end=\"1730\">AICOSPORTS A.\u015e. \u2013 Burhaniye \u2013 Bal\u0131kesir, T\u00fcrkiye<\/strong><br data-start=\"1730\" data-end=\"1733\" \/><strong data-start=\"1733\" data-end=\"1745\">E-posta:<\/strong>\u00a0<a class=\"cursor-pointer\" rel=\"noopener\" data-start=\"1746\" data-end=\"1765\">info@aicosports.com<\/a><\/p>\n<hr data-start=\"1767\" data-end=\"1770\" \/>\n<h2 data-start=\"1772\" data-end=\"1823\"><strong data-start=\"1775\" data-end=\"1823\">Ki\u015fisel Verilerin Kimlerle Payla\u015f\u0131labilece\u011fi<\/strong><\/h2>\n<p data-start=\"1825\" data-end=\"2298\">Hizmetleri size sunarken, ki\u015fisel verilerinizi m\u00fc\u015fterilerimiz, s\u00f6zle\u015fmeli oldu\u011fumuz spor ve e\u011flence kurumlar\u0131 (\u201c\u0130\u015f Ortaklar\u0131m\u0131z\u201d) ve hizmet sa\u011flay\u0131c\u0131lar gibi \u00fc\u00e7\u00fcnc\u00fc taraflarla payla\u015fabiliriz. Bu payla\u015f\u0131m, yaln\u0131zca bu politikada belirtilen ama\u00e7larla yap\u0131l\u0131r. Payla\u015f\u0131lan bilgilerinizin bu taraflarca nas\u0131l kullan\u0131laca\u011f\u0131 konusunda, ilgili taraflar\u0131n gizlilik politikalar\u0131n\u0131 incelemeniz \u00f6nerilir. Di\u011fer web siteleri veya uygulamalar\u0131n gizlilik politikalar\u0131ndan sorumlu de\u011filiz.<\/p>\n<hr data-start=\"2300\" data-end=\"2303\" \/>\n<h2 data-start=\"2305\" data-end=\"2354\"><strong data-start=\"2308\" data-end=\"2354\">Toplanan Veri T\u00fcrleri ve Toplama \u015eekilleri<\/strong><\/h2>\n<h3 data-start=\"2356\" data-end=\"2411\"><strong data-start=\"2360\" data-end=\"2411\">Do\u011frudan Taraf\u0131n\u0131zdan Sa\u011flanan Ki\u015fisel Veriler:<\/strong><\/h3>\n<p data-start=\"2413\" data-end=\"2470\">\u015eu yollarla bize do\u011frudan ki\u015fisel veri sa\u011flayabilirsiniz:<\/p>\n<ul data-start=\"2472\" data-end=\"2781\">\n<li data-start=\"2472\" data-end=\"2567\">\n<p data-start=\"2474\" data-end=\"2567\">Site, mobil uygulama veya di\u011fer dijital kanallar \u00fczerinden hesap olu\u015fturma, form doldurma vb.<\/p>\n<\/li>\n<li data-start=\"2568\" data-end=\"2622\">\n<p data-start=\"2570\" data-end=\"2622\">Telefon veya e-posta yoluyla bizimle ileti\u015fime ge\u00e7me<\/p>\n<\/li>\n<li data-start=\"2623\" data-end=\"2646\">\n<p data-start=\"2625\" data-end=\"2646\">E-b\u00fclten abonelikleri<\/p>\n<\/li>\n<li data-start=\"2647\" data-end=\"2669\">\n<p data-start=\"2649\" data-end=\"2669\">Sat\u0131n alma i\u015flemleri<\/p>\n<\/li>\n<li data-start=\"2670\" data-end=\"2695\">\n<p data-start=\"2672\" data-end=\"2695\">Teknik destek talepleri<\/p>\n<\/li>\n<li data-start=\"2696\" data-end=\"2745\">\n<p data-start=\"2698\" data-end=\"2745\">\u00c7ekili\u015f, kampanya, anket, odak grup kat\u0131l\u0131mlar\u0131<\/p>\n<\/li>\n<li data-start=\"2746\" data-end=\"2781\">\n<p data-start=\"2748\" data-end=\"2781\">Etkinlik veya deneyimlere kat\u0131l\u0131m<\/p>\n<\/li>\n<\/ul>\n<p data-start=\"2783\" data-end=\"2817\"><strong data-start=\"2783\" data-end=\"2817\">Toplanan ki\u015fisel veri t\u00fcrleri:<\/strong><\/p>\n<ul data-start=\"2819\" data-end=\"3260\">\n<li data-start=\"2819\" data-end=\"2908\">\n<p data-start=\"2821\" data-end=\"2908\"><strong data-start=\"2821\" data-end=\"2839\">Kimlik Verisi:<\/strong>\u00a0Ad, soyad, kullan\u0131c\u0131 ad\u0131, do\u011fum tarihi, ikamet \u00fclkesi, dil, cinsiyet<\/p>\n<\/li>\n<li data-start=\"2909\" data-end=\"2961\">\n<p data-start=\"2911\" data-end=\"2961\"><strong data-start=\"2911\" data-end=\"2931\">\u0130leti\u015fim Verisi:<\/strong>\u00a0Adres, e-posta, telefon, faks<\/p>\n<\/li>\n<li data-start=\"2962\" data-end=\"3021\">\n<p data-start=\"2964\" data-end=\"3021\"><strong data-start=\"2964\" data-end=\"2985\">Finansal Veriler:<\/strong>\u00a0Banka hesab\u0131, \u00f6deme kart\u0131 bilgileri<\/p>\n<\/li>\n<li data-start=\"3022\" data-end=\"3098\">\n<p data-start=\"3024\" data-end=\"3098\"><strong data-start=\"3024\" data-end=\"3043\">\u0130\u015flem Verileri:<\/strong>\u00a0\u00d6deme detaylar\u0131, sat\u0131n al\u0131nan \u00fcr\u00fcn ve hizmet bilgileri<\/p>\n<\/li>\n<li data-start=\"3099\" data-end=\"3180\">\n<p data-start=\"3101\" data-end=\"3180\"><strong data-start=\"3101\" data-end=\"3121\">Profil Verileri:<\/strong>\u00a0Kullan\u0131c\u0131 ad\u0131, sipari\u015fler, ilgi alanlar\u0131, geri bildirimler<\/p>\n<\/li>\n<li data-start=\"3181\" data-end=\"3260\">\n<p data-start=\"3183\" data-end=\"3260\"><strong data-start=\"3183\" data-end=\"3218\">Pazarlama ve \u0130leti\u015fim Verileri:<\/strong>\u00a0Pazarlama tercihleri, ileti\u015fim tercihleri<\/p>\n<\/li>\n<\/ul>\n<h3 data-start=\"3262\" data-end=\"3308\"><strong data-start=\"3266\" data-end=\"3308\">Otomatik Y\u00f6ntemlerle Toplanan Veriler:<\/strong><\/h3>\n<ul data-start=\"3310\" data-end=\"3553\">\n<li data-start=\"3310\" data-end=\"3427\">\n<p data-start=\"3312\" data-end=\"3427\"><strong data-start=\"3312\" data-end=\"3331\">Teknik Veriler:<\/strong>\u00a0IP adresi, taray\u0131c\u0131 tipi\/s\u00fcr\u00fcm\u00fc, zaman dilimi, eklentiler, i\u015fletim sistemi, mobil cihaz ID\u2019leri<\/p>\n<\/li>\n<li data-start=\"3428\" data-end=\"3553\">\n<p data-start=\"3430\" data-end=\"3553\"><strong data-start=\"3430\" data-end=\"3452\">Kullan\u0131m Verileri:<\/strong>\u00a0Ziyaret edilen sayfalar, t\u0131klamalar, video\/galeri g\u00f6r\u00fcnt\u00fcleme, \u00e7erez verileri, e-posta etkile\u015fimleri<\/p>\n<\/li>\n<\/ul>\n<p data-start=\"3555\" data-end=\"3586\"><strong data-start=\"3555\" data-end=\"3586\">Kulland\u0131\u011f\u0131m\u0131z teknolojiler:<\/strong><\/p>\n<ul data-start=\"3588\" data-end=\"3729\">\n<li data-start=\"3588\" data-end=\"3655\">\n<p data-start=\"3590\" data-end=\"3655\"><strong data-start=\"3590\" data-end=\"3603\">\u00c7erezler:<\/strong>\u00a0Taray\u0131c\u0131 taraf\u0131ndan kaydedilen k\u00fc\u00e7\u00fck veri dosyalar\u0131<\/p>\n<\/li>\n<li data-start=\"3656\" data-end=\"3729\">\n<p data-start=\"3658\" data-end=\"3729\"><strong data-start=\"3658\" data-end=\"3680\">Piksel Etiketleri:<\/strong>\u00a0Sayfa g\u00f6r\u00fcnt\u00fcleme zaman\u0131n\u0131 ve i\u00e7eri\u011fini tan\u0131mlar<\/p>\n<\/li>\n<\/ul>\n<p data-start=\"3731\" data-end=\"3829\">Taray\u0131c\u0131n\u0131zdan \u00e7erez tercihlerini y\u00f6netebilirsiniz, ancak bu durumda baz\u0131 i\u015flevler k\u0131s\u0131tlanabilir.<\/p>\n<h3 data-start=\"3831\" data-end=\"3875\"><strong data-start=\"3835\" data-end=\"3875\">Di\u011fer Kaynaklardan Edinilen Veriler:<\/strong><\/h3>\n<p data-start=\"3877\" data-end=\"3928\">A\u015fa\u011f\u0131daki gibi \u00fc\u00e7\u00fcnc\u00fc taraflardan bilgi alabiliriz:<\/p>\n<ul data-start=\"3930\" data-end=\"4045\">\n<li data-start=\"3930\" data-end=\"3947\">\n<p data-start=\"3932\" data-end=\"3947\">\u0130\u015f Ortaklar\u0131m\u0131z<\/p>\n<\/li>\n<li data-start=\"3948\" data-end=\"3969\">\n<p data-start=\"3950\" data-end=\"3969\">Bilet sa\u011flay\u0131c\u0131lar\u0131<\/p>\n<\/li>\n<li data-start=\"3970\" data-end=\"4001\">\n<p data-start=\"3972\" data-end=\"4001\">E-ticaret\/\u00f6deme sa\u011flay\u0131c\u0131lar\u0131<\/p>\n<\/li>\n<li data-start=\"4002\" data-end=\"4045\">\n<p data-start=\"4004\" data-end=\"4045\">Etkinlik mekanlar\u0131 ve g\u00fcvenlik \u015firketleri<\/p>\n<\/li>\n<\/ul>\n<hr data-start=\"4047\" data-end=\"4050\" \/>\n<h2 data-start=\"4052\" data-end=\"4106\"><strong data-start=\"4055\" data-end=\"4106\">Ki\u015fisel Verilerin Kullan\u0131m\u0131 ve Yasal Dayanaklar<\/strong><\/h2>\n<p data-start=\"4108\" data-end=\"4175\">Ki\u015fisel verilerinizi a\u015fa\u011f\u0131daki yasal dayanaklara dayanarak i\u015fleriz:<\/p>\n<ol data-start=\"4177\" data-end=\"4434\">\n<li data-start=\"4177\" data-end=\"4243\">\n<p data-start=\"4180\" data-end=\"4243\"><strong data-start=\"4180\" data-end=\"4202\">S\u00f6zle\u015fmenin \u0130fas\u0131:<\/strong>\u00a0Talep edilen \u00fcr\u00fcn ve hizmetleri sa\u011flamak<\/p>\n<\/li>\n<li data-start=\"4244\" data-end=\"4305\">\n<p data-start=\"4247\" data-end=\"4305\"><strong data-start=\"4247\" data-end=\"4268\">Me\u015fru Menfaatler:<\/strong>\u00a0Pazarlama, hizmet geli\u015ftirme, analiz<\/p>\n<\/li>\n<li data-start=\"4306\" data-end=\"4378\">\n<p data-start=\"4309\" data-end=\"4378\"><strong data-start=\"4309\" data-end=\"4330\">Yasal Y\u00fck\u00fcml\u00fcl\u00fck:<\/strong>\u00a0Yasal saklama, denetim, bildirim zorunluluklar\u0131<\/p>\n<\/li>\n<li data-start=\"4379\" data-end=\"4434\">\n<p data-start=\"4382\" data-end=\"4434\"><strong data-start=\"4382\" data-end=\"4396\">A\u00e7\u0131k R\u0131za:<\/strong>\u00a0Pazarlama, \u00f6zel nitelikli veri i\u015fleme<\/p>\n<\/li>\n<\/ol>\n<p data-start=\"4436\" data-end=\"4522\">Anonimle\u015ftirilmi\u015f veriler yasal s\u0131n\u0131rlar d\u00e2hilinde herhangi bir ama\u00e7la kullan\u0131labilir.<\/p>\n<hr data-start=\"4524\" data-end=\"4527\" \/>\n<h2 data-start=\"4529\" data-end=\"4550\"><strong data-start=\"4532\" data-end=\"4550\">Veri Payla\u015f\u0131m\u0131<\/strong><\/h2>\n<ul data-start=\"4552\" data-end=\"4972\">\n<li data-start=\"4552\" data-end=\"4635\">\n<p data-start=\"4554\" data-end=\"4635\"><strong data-start=\"4554\" data-end=\"4578\">Hizmet Sa\u011flay\u0131c\u0131lar:<\/strong>\u00a0Bulut depolama, \u00f6deme, m\u00fc\u015fteri hizmetleri, BT, pazarlama<\/p>\n<\/li>\n<li data-start=\"4636\" data-end=\"4675\">\n<p data-start=\"4638\" data-end=\"4675\"><strong data-start=\"4638\" data-end=\"4657\">\u0130\u015ftiraklerimiz:<\/strong>\u00a0Grup i\u00e7i payla\u015f\u0131m<\/p>\n<\/li>\n<li data-start=\"4676\" data-end=\"4736\">\n<p data-start=\"4678\" data-end=\"4736\"><strong data-start=\"4678\" data-end=\"4698\">\u0130\u015f Ortaklar\u0131m\u0131z:<\/strong>\u00a0Kampanya ve promosyon ama\u00e7l\u0131 payla\u015f\u0131m<\/p>\n<\/li>\n<li data-start=\"4737\" data-end=\"4813\">\n<p data-start=\"4739\" data-end=\"4813\"><strong data-start=\"4739\" data-end=\"4759\">\u0130\u015f Transferleri:<\/strong>\u00a0\u015eirket birle\u015fmesi, sat\u0131\u015f, yeniden yap\u0131lanma durumlar\u0131<\/p>\n<\/li>\n<li data-start=\"4814\" data-end=\"4875\">\n<p data-start=\"4816\" data-end=\"4875\"><strong data-start=\"4816\" data-end=\"4835\">Yasal S\u00fcre\u00e7ler:<\/strong>\u00a0Yetkili makam talepleri, hukuki savunma<\/p>\n<\/li>\n<li data-start=\"4876\" data-end=\"4927\">\n<p data-start=\"4878\" data-end=\"4927\"><strong data-start=\"4878\" data-end=\"4896\">A\u00e7\u0131k R\u0131za \u0130le:<\/strong>\u00a0Kamuya a\u00e7\u0131k payla\u015f\u0131m durumlar\u0131<\/p>\n<\/li>\n<li data-start=\"4928\" data-end=\"4972\">\n<p data-start=\"4930\" data-end=\"4972\"><strong data-start=\"4930\" data-end=\"4949\">Anonim Veriler:<\/strong>\u00a0\u0130statistiksel payla\u015f\u0131m<\/p>\n<\/li>\n<\/ul>\n<p data-start=\"4974\" data-end=\"5193\"><strong data-start=\"4974\" data-end=\"5010\">Ki\u015fisel verilerinizi satm\u0131yoruz.<\/strong>\u00a0Ancak baz\u0131 durumlar ilgili \u00fclke yasalar\u0131na g\u00f6re \u201csat\u0131\u015f\u201d olarak nitelendirilebilir.\u00a0<a class=\"cursor-pointer\" rel=\"noopener\" data-start=\"5094\" data-end=\"5113\">info@aicosports.com<\/a>\u00a0adresinden ileti\u015fime ge\u00e7erek bu payla\u015f\u0131mlara dair r\u0131zan\u0131z\u0131 geri \u00e7ekebilirsiniz.<\/p>\n<hr data-start=\"5195\" data-end=\"5198\" \/>\n<h2 data-start=\"5200\" data-end=\"5249\"><strong data-start=\"5203\" data-end=\"5249\">E-Posta Pazarlamas\u0131 ve Abonelikten Ayr\u0131lma<\/strong><\/h2>\n<p data-start=\"5251\" data-end=\"5456\">Size promosyon e-postalar\u0131 g\u00f6nderebiliriz. Her e-postada yer alan ba\u011flant\u0131y\u0131 kullanarak abonelikten \u00e7\u0131kabilirsiniz. Ancak, sat\u0131n alma veya yasal y\u00fck\u00fcml\u00fcl\u00fck kaynakl\u0131 bildirimler g\u00f6nderilmeye devam edebilir.<\/p>\n<hr data-start=\"5458\" data-end=\"5461\" \/>\n<h2 data-start=\"5463\" data-end=\"5502\"><strong data-start=\"5466\" data-end=\"5502\">Di\u011fer Web Sitelerine Ba\u011flant\u0131lar<\/strong><\/h2>\n<p data-start=\"5504\" data-end=\"5614\">Sitemizden \u00fc\u00e7\u00fcnc\u00fc taraf sitelere ba\u011flant\u0131 verilebilir. Bu sitelerin gizlilik uygulamalar\u0131ndan sorumlu de\u011filiz.<\/p>\n<hr data-start=\"5616\" data-end=\"5619\" \/>\n<h2 data-start=\"5621\" data-end=\"5646\"><strong data-start=\"5624\" data-end=\"5646\">G\u00fcvenlik \u00d6nlemleri<\/strong><\/h2>\n<p data-start=\"5648\" data-end=\"5767\">Verilerinizi korumak i\u00e7in teknik ve organizasyonel g\u00fcvenlik \u00f6nlemleri almaktay\u0131z. Ancak %100 g\u00fcvenlik garanti edilemez.<\/p>\n<hr data-start=\"5769\" data-end=\"5772\" \/>\n<h2 data-start=\"5774\" data-end=\"5800\"><strong data-start=\"5777\" data-end=\"5800\">Veri Saklama Konumu<\/strong><\/h2>\n<p data-start=\"5802\" data-end=\"6103\">Verileriniz a\u011f\u0131rl\u0131kl\u0131 olarak Amerika Birle\u015fik Devletleri\u2019ndeki veri merkezlerinde tutulmakta olup, hizmet sa\u011flay\u0131c\u0131lar\u0131m\u0131z yoluyla T\u00fcrkiye ve Avrupa\u2019daki sunucular da kullan\u0131labilir. Avrupa d\u0131\u015f\u0131na veri aktar\u0131m\u0131, uygun koruma \u00f6nlemleri alt\u0131nda yap\u0131l\u0131r (\u00f6rne\u011fin Avrupa Komisyonu\u2019nca onayl\u0131 s\u00f6zle\u015fmeler).<\/p>\n<hr data-start=\"6105\" data-end=\"6108\" \/>\n<h2 data-start=\"6110\" data-end=\"6141\"><strong data-start=\"6113\" data-end=\"6141\">Verilerin Saklama S\u00fcresi<\/strong><\/h2>\n<p data-start=\"6143\" data-end=\"6379\">Veriler yaln\u0131zca gerekti\u011fi s\u00fcre boyunca saklan\u0131r. Yasal nedenlerle (\u00f6rne\u011fin vergi y\u00fck\u00fcml\u00fcl\u00fc\u011f\u00fc) veriler 6 y\u0131la kadar saklanabilir. R\u0131zan\u0131z\u0131 geri \u00e7ekti\u011finizde veya kullan\u0131m amac\u0131 ortadan kalkt\u0131\u011f\u0131nda veriler silinir ya da anonimle\u015ftirilir.<\/p>\n<hr data-start=\"6381\" data-end=\"6384\" \/>\n<h2 data-start=\"6386\" data-end=\"6413\"><strong data-start=\"6389\" data-end=\"6413\">\u00c7ocuklar\u0131n Gizlili\u011fi<\/strong><\/h2>\n<p data-start=\"6415\" data-end=\"6532\">Sitemiz 16 ya\u015f alt\u0131ndaki \u00e7ocuklara y\u00f6nelik de\u011fildir. Bu ya\u015f grubundan veri yaln\u0131zca ebeveyn\/veli onay\u0131yla al\u0131nabilir.<\/p>\n<hr data-start=\"6534\" data-end=\"6537\" \/>\n<h2 data-start=\"6539\" data-end=\"6571\"><strong data-start=\"6542\" data-end=\"6571\">\u201cDo Not Track\u201d Sinyalleri<\/strong><\/h2>\n<p data-start=\"6573\" data-end=\"6694\">Baz\u0131 taray\u0131c\u0131lar \u201cizlenme\u201d talepleri g\u00f6nderebilir. End\u00fcstri standard\u0131 olu\u015fmad\u0131\u011f\u0131ndan bu sinyallere yan\u0131t verilmemektedir.<\/p>\n<hr data-start=\"6696\" data-end=\"6699\" \/>\n<h2 data-start=\"6701\" data-end=\"6747\"><strong data-start=\"6704\" data-end=\"6747\">Ki\u015fisel Verilerinizle \u0130lgili Haklar\u0131n\u0131z<\/strong><\/h2>\n<ul data-start=\"6749\" data-end=\"6932\">\n<li data-start=\"6749\" data-end=\"6767\">\n<p data-start=\"6751\" data-end=\"6767\"><strong data-start=\"6751\" data-end=\"6767\">Eri\u015fim hakk\u0131<\/strong><\/p>\n<\/li>\n<li data-start=\"6768\" data-end=\"6788\">\n<p data-start=\"6770\" data-end=\"6788\"><strong data-start=\"6770\" data-end=\"6788\">D\u00fczeltme hakk\u0131<\/strong><\/p>\n<\/li>\n<li data-start=\"6789\" data-end=\"6815\">\n<p data-start=\"6791\" data-end=\"6815\"><strong data-start=\"6791\" data-end=\"6815\">Veri ta\u015f\u0131nabilirli\u011fi<\/strong><\/p>\n<\/li>\n<li data-start=\"6816\" data-end=\"6852\">\n<p data-start=\"6818\" data-end=\"6852\"><strong data-start=\"6818\" data-end=\"6852\">Silme hakk\u0131 (\u201cunutulma hakk\u0131\u201d)<\/strong><\/p>\n<\/li>\n<li data-start=\"6853\" data-end=\"6871\">\n<p data-start=\"6855\" data-end=\"6871\"><strong data-start=\"6855\" data-end=\"6871\">\u0130tiraz hakk\u0131<\/strong><\/p>\n<\/li>\n<li data-start=\"6872\" data-end=\"6902\">\n<p data-start=\"6874\" data-end=\"6902\"><strong data-start=\"6874\" data-end=\"6902\">\u0130\u015flemeyi k\u0131s\u0131tlama hakk\u0131<\/strong><\/p>\n<\/li>\n<li data-start=\"6903\" data-end=\"6932\">\n<p data-start=\"6905\" data-end=\"6932\"><strong data-start=\"6905\" data-end=\"6932\">R\u0131zay\u0131 geri \u00e7ekme hakk\u0131<\/strong><\/p>\n<\/li>\n<\/ul>\n<p data-start=\"6934\" data-end=\"7080\">Bu haklar\u0131 kullanmak i\u00e7in\u00a0<strong data-start=\"6960\" data-end=\"6983\"><a class=\"cursor-pointer\" rel=\"noopener\" data-start=\"6962\" data-end=\"6981\">info@aicosports.com<\/a><\/strong>\u00a0adresinden bize ula\u015fabilirsiniz. Kimli\u011finizi do\u011frulamak amac\u0131yla baz\u0131 bilgiler talep edilebilir.<\/p>\n<hr data-start=\"7082\" data-end=\"7085\" \/>\n<h2 data-start=\"7087\" data-end=\"7117\"><strong data-start=\"7090\" data-end=\"7117\">Politika De\u011fi\u015fiklikleri<\/strong><\/h2>\n<p data-start=\"7119\" data-end=\"7279\">Gizlilik uygulamalar\u0131 zamanla g\u00fcncellenebilir. G\u00fcncellemeler bu sayfada yay\u0131nlanacakt\u0131r. De\u011fi\u015fiklikleri kabul etmiyorsan\u0131z Hizmetleri kullanmay\u0131 b\u0131rakmal\u0131s\u0131n\u0131z.<\/p>\n<hr data-start=\"7281\" data-end=\"7284\" \/>\n<h2 data-start=\"7286\" data-end=\"7311\"><strong data-start=\"7289\" data-end=\"7311\">\u0130leti\u015fim Bilgileri<\/strong><\/h2>\n<p data-start=\"7313\" data-end=\"7445\"><strong data-start=\"7313\" data-end=\"7332\">AICOSPORTS A.\u015e.<\/strong><br data-start=\"7332\" data-end=\"7335\" \/><strong data-start=\"7335\" data-end=\"7369\">Burhaniye \u2013 Bal\u0131kesir, T\u00fcrkiye<\/strong><br data-start=\"7369\" data-end=\"7372\" \/><strong data-start=\"7372\" data-end=\"7390\">Yetkili Birim:<\/strong>\u00a0Gizlilik Departman\u0131<br data-start=\"7410\" data-end=\"7413\" \/><strong data-start=\"7413\" data-end=\"7425\">E-posta:<\/strong>\u00a0<a class=\"cursor-pointer\" rel=\"noopener\" data-start=\"7426\" data-end=\"7445\">info@aicosports.com<\/a><\/p>\n<p data-start=\"7447\" data-end=\"7487\">\u00a9 2025 AICOSPORTS. T\u00fcm haklar\u0131 sakl\u0131d\u0131r.<\/p>\n","protected":false},"excerpt":{"rendered":"<p>AICOSPORTS A.\u015e.\u00a0ve ba\u011fl\u0131 ortakl\u0131klar\u0131 ve i\u015ftirakleri (topluca \u201cAICOSPORTS\u201d, \u201cbiz\u201d, \u201cbize\u201d, \u201cbizim\u201d) gizlili\u011finize sayg\u0131 duyar ve g\u00fcveninize de\u011fer verir. Bu Gizlilik Politikas\u0131, bu web sitesini (aicosports.com) (\u201cSite\u201d) kulland\u0131\u011f\u0131n\u0131zda, bizimle \u00e7evrimi\u00e7i (Site arac\u0131l\u0131\u011f\u0131yla dahil) veya ba\u015fka yollarla (\u00e7evrimd\u0131\u015f\u0131 ve\/veya telefonla) al\u0131\u015fveri\u015f yapt\u0131\u011f\u0131n\u0131zda, bizim organize etti\u011fimiz veya tan\u0131tt\u0131\u011f\u0131m\u0131z herhangi bir etkinli\u011fe kat\u0131ld\u0131\u011f\u0131n\u0131zda ya da sosyal medya, do\u011frudan pazarlama, [&hellip;]<\/p>\n","protected":false},"author":2,"featured_media":0,"parent":0,"menu_order":0,"comment_status":"closed","ping_status":"closed","template":"","meta":{"_et_pb_use_builder":"","_et_pb_old_content":"","_et_gb_content_width":"","_joinchat":[],"footnotes":""},"class_list":["post-83","page","type-page","status-publish","hentry"],"_links":{"self":[{"href":"https:\/\/aicosports.com\/lp\/wp-json\/wp\/v2\/pages\/83","targetHints":{"allow":["GET"]}}],"collection":[{"href":"https:\/\/aicosports.com\/lp\/wp-json\/wp\/v2\/pages"}],"about":[{"href":"https:\/\/aicosports.com\/lp\/wp-json\/wp\/v2\/types\/page"}],"author":[{"embeddable":true,"href":"https:\/\/aicosports.com\/lp\/wp-json\/wp\/v2\/users\/2"}],"replies":[{"embeddable":true,"href":"https:\/\/aicosports.com\/lp\/wp-json\/wp\/v2\/comments?post=83"}],"version-history":[{"count":3,"href":"https:\/\/aicosports.com\/lp\/wp-json\/wp\/v2\/pages\/83\/revisions"}],"predecessor-version":[{"id":86,"href":"https:\/\/aicosports.com\/lp\/wp-json\/wp\/v2\/pages\/83\/revisions\/86"}],"wp:attachment":[{"href":"https:\/\/aicosports.com\/lp\/wp-json\/wp\/v2\/media?parent=83"}],"curies":[{"name":"wp","href":"https:\/\/api.w.org\/{rel}","templated":true}]}}